{"id":14445,"date":"2018-03-29T09:58:22","date_gmt":"2018-03-29T09:58:22","guid":{"rendered":"http:\/\/www.dra-go.com\/?page_id=14445"},"modified":"2025-07-14T12:32:51","modified_gmt":"2025-07-14T10:32:51","slug":"cookiespolicy","status":"publish","type":"page","link":"https:\/\/www.dra-go.com\/en\/cookiespolicy\/","title":{"rendered":"Cookies policy"},"content":{"rendered":"\n<h1 class=\"wp-block-heading\"><strong>POL\u00cdTICA DE COOKIES<\/strong><\/h1>\n\n\n\n<h2 class=\"wp-block-heading\"><strong>\u00bfQU\u00c9 SON LAS COOKIES?<\/strong><\/h2>\n\n\n\n<p>Una cookie es un fichero que se descarga en su ordenador al acceder a determinadas p\u00e1ginas web. Las cookies permiten a una p\u00e1gina web, entre otras cosas, almacenar y recuperar informaci\u00f3n sobre los h\u00e1bitos de navegaci\u00f3n de un usuario o de su equipo y, dependiendo de la informaci\u00f3n que contengan y de la forma en que utilice su equipo, pueden utilizarse para reconocer al usuario.<br>Este sitio web utiliza cookies y\/o tecnolog\u00edas similares que almacenan y recuperan informaci\u00f3n cuando navegas. En general, estas tecnolog\u00edas pueden servir para finalidades muy diversas, como, por ejemplo, reconocerte como usuario, obtener informaci\u00f3n sobre tus h\u00e1bitos de navegaci\u00f3n, o personalizar la forma en que se muestra<br>el contenido.<\/p>\n\n\n\n<hr class=\"wp-block-separator has-alpha-channel-opacity\"\/>\n\n\n\n<h2 class=\"wp-block-heading\"><strong>SEG\u00daN SU DURACI\u00d3N, PODEMOS DISTINGUIR DOS TIPOS:<\/strong><\/h2>\n\n\n\n<p><\/p>\n\n\n\n<p><strong>Cookies de sesi\u00f3n<\/strong>: son aquellas dise\u00f1adas para recabar y almacenar datos mientras el<br>usuario accede a una p\u00e1gina web. Se suelen emplear para almacenar informaci\u00f3n que solo interesa conservar para la prestaci\u00f3n del servicio solicitado por el usuario en una sola ocasi\u00f3n (por ejemplo, una lista de productos adquiridos) y desaparecen al terminar la sesi\u00f3n.<\/p>\n\n\n\n<p><strong>Cookies persistentes<\/strong>: son aquellas en las que los datos siguen almacenados en el terminal y pueden ser accedidos y tratados durante un periodo definido por el responsable de la cookie, y que puede ir de unos minutos a varios a\u00f1os.<\/p>\n\n\n\n<hr class=\"wp-block-separator has-alpha-channel-opacity\"\/>\n\n\n\n<h2 class=\"wp-block-heading\"><strong>SEG\u00daN SU FINALIDAD, PODEMOS ENCONTRAR LAS SIGUIENTES:<\/strong><\/h2>\n\n\n\n<p><strong>Cookies t\u00e9cnicas<\/strong>: Son aquellas que permiten al usuario la navegaci\u00f3n a trav\u00e9s de una<br>p\u00e1gina web, plataforma o aplicaci\u00f3n y la utilizaci\u00f3n de las diferentes opciones o servicios que en ella existan, incluyendo aquellas que el editor utiliza para permitir la gesti\u00f3n y operativa de la p\u00e1gina web y habilitar sus funciones y servicios, como, por ejemplo, identificar la sesi\u00f3n, recordar los elementos que integran un pedido, almacenar contenidos para la difusi\u00f3n de v\u00eddeos o sonido, habilitar contenidos din\u00e1micos (por ejemplo, animaci\u00f3n de carga de un texto o imagen) o compartir contenidos a trav\u00e9s de redes sociales. Este tipo de cookies no requieren del consentimiento del usuario, ya que simplemente son de car\u00e1cter funcional.<\/p>\n\n\n\n<p><strong>Cookies de an\u00e1lisis<\/strong>: Son aqu\u00e9llas que bien tratadas por nosotros o por terceros, nos permiten cuantificar el n\u00famero de usuarios y as\u00ed realizar la medici\u00f3n y an\u00e1lisis estad\u00edstico de la utilizaci\u00f3n que hacen los usuarios del servicio ofertado. Para ello se analiza su navegaci\u00f3n en nuestra p\u00e1gina web con el fin de mejorar la oferta de productos o servicios que le ofrecemos.<\/p>\n\n\n\n<p><strong>Cookies de personalizaci\u00f3n<\/strong>: Son aquellas que permiten al usuario acceder al servicio con algunas caracter\u00edsticas de car\u00e1cter general predefinidas en funci\u00f3n de una serie de criterios en el terminal del usuario como por ejemplo ser\u00edan el idioma o el tipo de navegador a trav\u00e9s del cual se conecta al servicio.<\/p>\n\n\n\n<p><strong>Cookies publicitarias<\/strong>: Son aqu\u00e9llas que, bien tratadas por esta web o por terceros, permiten gestionar de la forma m\u00e1s eficaz posible la oferta de los espacios publicitarios que hay en la p\u00e1gina web, adecuando el contenido del anuncio al contenido del servicio solicitado o al uso que realice de nuestra p\u00e1gina web. Para ello podemos analizar sus h\u00e1bitos de navegaci\u00f3n en Internet y podemos mostrarle publicidad relacionada con su perfil de navegaci\u00f3n.<\/p>\n\n\n\n<p><strong>Cookies de publicidad comportamental<\/strong>: Son aquellas que permiten la gesti\u00f3n, de la forma m\u00e1s eficaz posible, de los espacios publicitarios que, en su caso, el editor haya incluido en una p\u00e1gina web, aplicaci\u00f3n o plataforma desde la que presta el servicio solicitado. Este tipo de cookies almacenan informaci\u00f3n del comportamiento de los visitantes obtenida a trav\u00e9s de la observaci\u00f3n continuada de sus h\u00e1bitos de navegaci\u00f3n, lo que permite desarrollar un perfil espec\u00edfico para mostrar avisos publicitarios en funci\u00f3n del mismo.<\/p>\n\n\n\n<hr class=\"wp-block-separator has-alpha-channel-opacity\"\/>\n\n\n\n<h2 class=\"wp-block-heading\"><strong>Cookies de terceros<\/strong><\/h2>\n\n\n\n<p>Cookies de an\u00e1lisis: permiten cuantificar el n\u00famero de usuarios y as\u00ed realizar la<br>medici\u00f3n y an\u00e1lisis estad\u00edstico de la utilizaci\u00f3n que hacen los usuarios del servicio<br>ofertado. Para ello se analiza su navegaci\u00f3n en nuestra p\u00e1gina web con el fin de<br>mejorar la oferta de productos o servicios que le ofrecemos.&nbsp;<\/p>\n\n\n\n<p><a href=\"https:\/\/policies.google.com\/technologies\/cookies?hl=es&amp;gl=es#types-of-cookies\">Google Analytics<\/a><\/p>\n\n\n\n<hr class=\"wp-block-separator has-alpha-channel-opacity\"\/>\n\n\n\n<h2 class=\"wp-block-heading\"><strong>TIPOS DE COOKIES EXISTENTES EN LA WEB<\/strong><\/h2>\n\n\n\n<p><strong>A CUMPLIMENTAR POR EL CLIENTE<\/strong><\/p>\n\n\n\n<figure class=\"wp-block-table\"><table class=\"has-fixed-layout\"><tbody><tr><td><strong>Cookies<\/strong><\/td><td><strong>Tipo de Cookies<\/strong><\/td><td><strong>Finalidad (Para qu\u00e9 la utilizamos)<\/strong><\/td><td><strong>Duraci\u00f3n (M\u00e1x 24 meses)<\/strong><\/td><td><strong>Gesti\u00f3n Propia\/Tercero<\/strong><\/td><\/tr><tr><td>Google Analytic<\/td><td>_ga<\/td><td>Se usa para distinguir a los usuarios.<\/td><td>2 a\u00f1o<\/td><td><a href=\"https:\/\/policies.google.com\/privacy?hl=es\">Google<\/a><\/td><\/tr><tr><td>Google Analytic<\/td><td>_gid<\/td><td>Se usa para distinguir a los usuarios.<\/td><td>24 horas<\/td><td><a href=\"https:\/\/policies.google.com\/privacy?hl=es\">Google<\/a><\/td><\/tr><tr><td>Google Analytic<\/td><td>_gat<\/td><td>Establecido por Google Analytics para controlar la tasa de solicitud.<\/td><td>1 minuto<\/td><td><a href=\"https:\/\/policies.google.com\/privacy?hl=es\">Google<\/a><\/td><\/tr><\/tbody><\/table><\/figure>\n\n\n\n<hr class=\"wp-block-separator has-alpha-channel-opacity\"\/>\n\n\n\n<h2 class=\"wp-block-heading\"><strong>CONSENTIMIENTO<\/strong><\/h2>\n\n\n\n<p>Le informamos que solo utilizaremos cookies en su equipo a condici\u00f3n de que haya dado<br>su consentimiento a trav\u00e9s del banner de acceso y la configuraci\u00f3n habilitada a trav\u00e9s del<br>panel de configuraci\u00f3n, salvo en los supuestos en los que las cookies sean necesarias para la navegaci\u00f3n en el equipo y\/o para prestar el servicio solicitado por el usuario (<strong>cookies t\u00e9cnicas<\/strong>).<br>Las cookies t\u00e9cnicas est\u00e1n exceptuadas del cumplimiento de las obligaciones establecidas en la LSSI del deber de informaci\u00f3n y obtenci\u00f3n del consentimiento (<em>ver definici\u00f3n de cookies t\u00e9cnicas<\/em>).<\/p>\n\n\n\n<hr class=\"wp-block-separator has-alpha-channel-opacity\"\/>\n\n\n\n<h2 class=\"wp-block-heading\"><strong>REVOCAR EL CONSENTIMIENTO Y DESACTIVAR LAS COOKIES.<\/strong><\/h2>\n\n\n\n<p><\/p>\n\n\n\n<p>El usuario podr\u00e1 modificar o revocar su consentimiento en cualquier momento configurando las opciones en el Panel de Configuraci\u00f3n. El usuario tiene acceso al Panel de Configuraci\u00f3n de forma permanente a trav\u00e9s del siguiente enlace. <a href=\"https:\/\/www.dra-go.com\/politica-de-cookies\/#moove_gdpr_cookie_modal\">Configuraci\u00f3n de cookies<\/a><\/p>\n\n\n\n<p>No obstante, a pesar de que conservaremos la selecci\u00f3n realizada por el usuario con un m\u00e1ximo de 24 meses, peri\u00f3dicamente, solicitaremos la actualizaci\u00f3n de tu consentimiento.<\/p>\n\n\n\n<p>Puede usted <strong>permitir, bloquear o eliminar las cookies<\/strong> instaladas en su equipo mediante la configuraci\u00f3n de las opciones del navegador instalado en su ordenador, as\u00ed como borrar sus datos de navegaci\u00f3n (incluidas las cookies) desde el navegador instalado en su terminal.<\/p>\n\n\n\n<hr class=\"wp-block-separator has-alpha-channel-opacity\"\/>\n\n\n\n<h2 class=\"wp-block-heading\"><strong>ADVERTENCIA SOBRE ELIMINAR COOKIES.<\/strong><\/h2>\n\n\n\n<p><\/p>\n\n\n\n<p>La desactivaci\u00f3n de las cookies no impide la navegaci\u00f3n por el sitio web, aunque el uso de algunos de sus servicios podr\u00e1 ser limitado y, por tanto, su experiencia de navegaci\u00f3n podr\u00e1 ser menos satisfactoria.<\/p>\n","protected":false},"excerpt":{"rendered":"<p>POL\u00cdTICA DE COOKIES \u00bfQU\u00c9 SON LAS COOKIES? Una cookie es un fichero que se descarga en su ordenador al acceder a determinadas p\u00e1ginas web. Las cookies permiten a una p\u00e1gina web, entre otras cosas, almacenar y recuperar informaci\u00f3n sobre los h\u00e1bitos de navegaci\u00f3n de un usuario o de su equipo y, dependiendo de la informaci\u00f3n &#8230; <a title=\"Cookies policy\" class=\"read-more\" href=\"https:\/\/www.dra-go.com\/en\/cookiespolicy\/\" aria-label=\"Leer m\u00e1s sobre Cookies policy\">Read more<\/a><\/p>\n","protected":false},"author":1,"featured_media":0,"parent":0,"menu_order":0,"comment_status":"closed","ping_status":"closed","template":"","meta":{"inline_featured_image":false,"generate_page_header":"","footnotes":""},"class_list":{"0":"post-14445","1":"page","2":"type-page","3":"status-publish","5":"no-featured-image-padding"},"yoast_head":"<!-- This site is optimized with the Yoast SEO plugin v27.3 - https:\/\/yoast.com\/product\/yoast-seo-wordpress\/ -->\n<title>Cookies policy - DRAGOEN<\/title>\n<meta name=\"robots\" content=\"noindex, follow\" \/>\n<meta property=\"og:locale\" content=\"es_ES\" \/>\n<meta property=\"og:type\" content=\"article\" \/>\n<meta property=\"og:title\" content=\"Cookies policy - DRAGOEN\" \/>\n<meta property=\"og:description\" content=\"POL\u00cdTICA DE COOKIES \u00bfQU\u00c9 SON LAS COOKIES? Una cookie es un fichero que se descarga en su ordenador al acceder a determinadas p\u00e1ginas web. Las cookies permiten a una p\u00e1gina web, entre otras cosas, almacenar y recuperar informaci\u00f3n sobre los h\u00e1bitos de navegaci\u00f3n de un usuario o de su equipo y, dependiendo de la informaci\u00f3n ... Read more\" \/>\n<meta property=\"og:url\" content=\"https:\/\/www.dra-go.com\/en\/cookiespolicy\/\" \/>\n<meta property=\"og:site_name\" content=\"DRAGOEN\" \/>\n<meta property=\"article:modified_time\" content=\"2025-07-14T10:32:51+00:00\" \/>\n<meta name=\"twitter:card\" content=\"summary_large_image\" \/>\n<meta name=\"twitter:label1\" content=\"Tiempo de lectura\" \/>\n\t<meta name=\"twitter:data1\" content=\"5 minutos\" \/>\n<script type=\"application\/ld+json\" class=\"yoast-schema-graph\">{\"@context\":\"https:\\\/\\\/schema.org\",\"@graph\":[{\"@type\":\"WebPage\",\"@id\":\"https:\\\/\\\/www.dra-go.com\\\/en\\\/cookiespolicy\\\/\",\"url\":\"https:\\\/\\\/www.dra-go.com\\\/en\\\/cookiespolicy\\\/\",\"name\":\"Cookies policy - DRAGOEN\",\"isPartOf\":{\"@id\":\"https:\\\/\\\/www.dra-go.com\\\/en\\\/#website\"},\"datePublished\":\"2018-03-29T09:58:22+00:00\",\"dateModified\":\"2025-07-14T10:32:51+00:00\",\"breadcrumb\":{\"@id\":\"https:\\\/\\\/www.dra-go.com\\\/en\\\/cookiespolicy\\\/#breadcrumb\"},\"inLanguage\":\"es\",\"potentialAction\":[{\"@type\":\"ReadAction\",\"target\":[\"https:\\\/\\\/www.dra-go.com\\\/en\\\/cookiespolicy\\\/\"]}]},{\"@type\":\"BreadcrumbList\",\"@id\":\"https:\\\/\\\/www.dra-go.com\\\/en\\\/cookiespolicy\\\/#breadcrumb\",\"itemListElement\":[{\"@type\":\"ListItem\",\"position\":1,\"name\":\"Portada\",\"item\":\"https:\\\/\\\/www.dra-go.com\\\/en\\\/\"},{\"@type\":\"ListItem\",\"position\":2,\"name\":\"Cookies policy\"}]},{\"@type\":\"WebSite\",\"@id\":\"https:\\\/\\\/www.dra-go.com\\\/en\\\/#website\",\"url\":\"https:\\\/\\\/www.dra-go.com\\\/en\\\/\",\"name\":\"DRAGOEN\",\"description\":\"Engineering and Services\",\"publisher\":{\"@id\":\"https:\\\/\\\/www.dra-go.com\\\/en\\\/#organization\"},\"potentialAction\":[{\"@type\":\"SearchAction\",\"target\":{\"@type\":\"EntryPoint\",\"urlTemplate\":\"https:\\\/\\\/www.dra-go.com\\\/en\\\/?s={search_term_string}\"},\"query-input\":{\"@type\":\"PropertyValueSpecification\",\"valueRequired\":true,\"valueName\":\"search_term_string\"}}],\"inLanguage\":\"es\"},{\"@type\":\"Organization\",\"@id\":\"https:\\\/\\\/www.dra-go.com\\\/en\\\/#organization\",\"name\":\"DRAGOEN\",\"url\":\"https:\\\/\\\/www.dra-go.com\\\/en\\\/\",\"logo\":{\"@type\":\"ImageObject\",\"inLanguage\":\"es\",\"@id\":\"https:\\\/\\\/www.dra-go.com\\\/en\\\/#\\\/schema\\\/logo\\\/image\\\/\",\"url\":\"https:\\\/\\\/www.dra-go.com\\\/en\\\/wp-content\\\/uploads\\\/sites\\\/3\\\/2023\\\/07\\\/Logo-DRAGO-RGB-AF_PositivoDRAGO.png\",\"contentUrl\":\"https:\\\/\\\/www.dra-go.com\\\/en\\\/wp-content\\\/uploads\\\/sites\\\/3\\\/2023\\\/07\\\/Logo-DRAGO-RGB-AF_PositivoDRAGO.png\",\"width\":1024,\"height\":194,\"caption\":\"DRAGOEN\"},\"image\":{\"@id\":\"https:\\\/\\\/www.dra-go.com\\\/en\\\/#\\\/schema\\\/logo\\\/image\\\/\"}}]}<\/script>\n<!-- \/ Yoast SEO plugin. -->","yoast_head_json":{"title":"Cookies policy - DRAGOEN","robots":{"index":"noindex","follow":"follow"},"og_locale":"es_ES","og_type":"article","og_title":"Cookies policy - DRAGOEN","og_description":"POL\u00cdTICA DE COOKIES \u00bfQU\u00c9 SON LAS COOKIES? Una cookie es un fichero que se descarga en su ordenador al acceder a determinadas p\u00e1ginas web. Las cookies permiten a una p\u00e1gina web, entre otras cosas, almacenar y recuperar informaci\u00f3n sobre los h\u00e1bitos de navegaci\u00f3n de un usuario o de su equipo y, dependiendo de la informaci\u00f3n ... Read more","og_url":"https:\/\/www.dra-go.com\/en\/cookiespolicy\/","og_site_name":"DRAGOEN","article_modified_time":"2025-07-14T10:32:51+00:00","twitter_card":"summary_large_image","twitter_misc":{"Tiempo de lectura":"5 minutos"},"schema":{"@context":"https:\/\/schema.org","@graph":[{"@type":"WebPage","@id":"https:\/\/www.dra-go.com\/en\/cookiespolicy\/","url":"https:\/\/www.dra-go.com\/en\/cookiespolicy\/","name":"Cookies policy - DRAGOEN","isPartOf":{"@id":"https:\/\/www.dra-go.com\/en\/#website"},"datePublished":"2018-03-29T09:58:22+00:00","dateModified":"2025-07-14T10:32:51+00:00","breadcrumb":{"@id":"https:\/\/www.dra-go.com\/en\/cookiespolicy\/#breadcrumb"},"inLanguage":"es","potentialAction":[{"@type":"ReadAction","target":["https:\/\/www.dra-go.com\/en\/cookiespolicy\/"]}]},{"@type":"BreadcrumbList","@id":"https:\/\/www.dra-go.com\/en\/cookiespolicy\/#breadcrumb","itemListElement":[{"@type":"ListItem","position":1,"name":"Portada","item":"https:\/\/www.dra-go.com\/en\/"},{"@type":"ListItem","position":2,"name":"Cookies policy"}]},{"@type":"WebSite","@id":"https:\/\/www.dra-go.com\/en\/#website","url":"https:\/\/www.dra-go.com\/en\/","name":"DRAGOEN","description":"Engineering and Services","publisher":{"@id":"https:\/\/www.dra-go.com\/en\/#organization"},"potentialAction":[{"@type":"SearchAction","target":{"@type":"EntryPoint","urlTemplate":"https:\/\/www.dra-go.com\/en\/?s={search_term_string}"},"query-input":{"@type":"PropertyValueSpecification","valueRequired":true,"valueName":"search_term_string"}}],"inLanguage":"es"},{"@type":"Organization","@id":"https:\/\/www.dra-go.com\/en\/#organization","name":"DRAGOEN","url":"https:\/\/www.dra-go.com\/en\/","logo":{"@type":"ImageObject","inLanguage":"es","@id":"https:\/\/www.dra-go.com\/en\/#\/schema\/logo\/image\/","url":"https:\/\/www.dra-go.com\/en\/wp-content\/uploads\/sites\/3\/2023\/07\/Logo-DRAGO-RGB-AF_PositivoDRAGO.png","contentUrl":"https:\/\/www.dra-go.com\/en\/wp-content\/uploads\/sites\/3\/2023\/07\/Logo-DRAGO-RGB-AF_PositivoDRAGO.png","width":1024,"height":194,"caption":"DRAGOEN"},"image":{"@id":"https:\/\/www.dra-go.com\/en\/#\/schema\/logo\/image\/"}}]}},"_links":{"self":[{"href":"https:\/\/www.dra-go.com\/en\/wp-json\/wp\/v2\/pages\/14445","targetHints":{"allow":["GET"]}}],"collection":[{"href":"https:\/\/www.dra-go.com\/en\/wp-json\/wp\/v2\/pages"}],"about":[{"href":"https:\/\/www.dra-go.com\/en\/wp-json\/wp\/v2\/types\/page"}],"author":[{"embeddable":true,"href":"https:\/\/www.dra-go.com\/en\/wp-json\/wp\/v2\/users\/1"}],"replies":[{"embeddable":true,"href":"https:\/\/www.dra-go.com\/en\/wp-json\/wp\/v2\/comments?post=14445"}],"version-history":[{"count":16,"href":"https:\/\/www.dra-go.com\/en\/wp-json\/wp\/v2\/pages\/14445\/revisions"}],"predecessor-version":[{"id":16122,"href":"https:\/\/www.dra-go.com\/en\/wp-json\/wp\/v2\/pages\/14445\/revisions\/16122"}],"wp:attachment":[{"href":"https:\/\/www.dra-go.com\/en\/wp-json\/wp\/v2\/media?parent=14445"}],"curies":[{"name":"wp","href":"https:\/\/api.w.org\/{rel}","templated":true}]}}