{"id":14286,"date":"2018-03-25T14:07:01","date_gmt":"2018-03-25T14:07:01","guid":{"rendered":"http:\/\/www.dra-go.com\/?page_id=14286"},"modified":"2025-07-14T12:33:21","modified_gmt":"2025-07-14T10:33:21","slug":"privacy-policy-legal-notice","status":"publish","type":"page","link":"https:\/\/www.dra-go.com\/en\/privacy-policy-legal-notice\/","title":{"rendered":"Privacy policy &#8211; Legal notice"},"content":{"rendered":"\n<h1 class=\"wp-block-heading\"><strong>POL\u00cdTICA DE PRIVACIDAD<\/strong><\/h1>\n\n\n\n<p>De conformidad con el Ley Org\u00e1nica de Protecci\u00f3n de Datos Personales y Garant\u00eda de los Derechos Digitales (LOPDGDD 3\/2018) y con el Reglamento General de Protecci\u00f3n de Datos (RGPD UE 2016\/679) ponemos a su disposici\u00f3n la siguiente informaci\u00f3n:<\/p>\n\n\n\n<hr class=\"wp-block-separator has-alpha-channel-opacity\"\/>\n\n\n\n<h2 class=\"wp-block-heading\"><strong>INFORMACI\u00d3N B\u00c1SICA DE PROTECCI\u00d3N DE DATOS<\/strong><\/h2>\n\n\n\n<p><strong>Responsable<\/strong><strong><br><\/strong>Drago Ingenier\u00eda y Servicios S.L<\/p>\n\n\n\n<p><strong>Finalidad<\/strong><strong><br><\/strong>Atender las solicitudes de informaci\u00f3n realizadas a trav\u00e9s de la web.<\/p>\n\n\n\n<p><strong>Legitimaci\u00f3n<\/strong><strong><br><\/strong>Consentimiento del interesado.<\/p>\n\n\n\n<p><strong>Destinatarios<\/strong><strong><br><\/strong>No se ceder\u00e1n datos a terceros salvo obligaci\u00f3n legal o en el supuesto que sea necesario para atender su solicitud.<\/p>\n\n\n\n<p><strong>Derechos<\/strong><strong><br><\/strong>Podr\u00e1 ejercer los derechos de acceso, rectificaci\u00f3n, supresi\u00f3n y oposici\u00f3n, limitaci\u00f3n del tratamiento, portabilidad de datos.<\/p>\n\n\n\n<hr class=\"wp-block-separator has-alpha-channel-opacity\"\/>\n\n\n\n<h2 class=\"wp-block-heading\"><strong>\u00bfQUI\u00c9N VA A TRATAR MIS DATOS?<\/strong><\/h2>\n\n\n\n<p>El responsable del tratamiento de sus datos es Drago Ingenier\u00eda y Servicios S.L con CIF<br>B86013984 y direcci\u00f3n Calle Cercedilla. 7. Bajo. 28925. Alcorc\u00f3n. Madrid.<\/p>\n\n\n\n<p>Otros datos de contacto:<br>Tel\u00e9fono: 913911100 (Madrid) \/ 922643460 (Santa Cruz de Tenerife)<br>Correo electr\u00f3nico: <a href=\"mailto:info@dra-go.com\">info@dra-go.com<\/a><\/p>\n\n\n\n<hr class=\"wp-block-separator has-alpha-channel-opacity\"\/>\n\n\n\n<h2 class=\"wp-block-heading\"><strong>\u00bfCU\u00c1L ES LA FINALIDAD DEL TRATAMIENTO Y LA BASE LEGAL DEL MISMO?<\/strong><\/h2>\n\n\n\n<p>En Drago Ingenier\u00eda y Servicios S.L tratamos la informaci\u00f3n que nos facilitan las personas<br>interesadas con el fin de gestionar sus solicitudes de informaci\u00f3n y gestionar los servicios<br>que les une a esta empresa.<br>La base legal para el tratamiento de sus datos es el consentimiento que presta, a trav\u00e9s de la aceptaci\u00f3n de nuestra pol\u00edtica de privacidad.<\/p>\n\n\n\n<p>*Los datos facilitados por los usuarios ser\u00e1n utilizados para estudios estad\u00edsticos y an\u00e1lisis de perfiles con la finalidad de prestar un mejor servicio a trav\u00e9s de nuestra web, para lo que se utilizar\u00e1 la aplicaci\u00f3n <em>NINGUNA<\/em><\/p>\n\n\n\n<p>*La herramienta que utilizamos para la publicidad y prospecci\u00f3n comercial que realizamos es <em>NINGUNA<\/em><\/p>\n\n\n\n<p>Para m\u00e1s informaci\u00f3n consultar nuestra <a href=\"https:\/\/www.dra-go.com\/politica-de-cookies\/\">Pol\u00edtica de Cookies<\/a>.<\/p>\n\n\n\n<hr class=\"wp-block-separator has-alpha-channel-opacity\"\/>\n\n\n\n<h2 class=\"wp-block-heading\"><strong>\u00bfD\u00d3NDE SE ALMACENA SU INFORMACI\u00d3N?<\/strong><\/h2>\n\n\n\n<p>Nombre y direcci\u00f3n de la empresa gestora (Almacenamiento\/Hosting)<br><a href=\"https:\/\/www.antiun.com\/\">Antiun<\/a> &#8211; Paseo de la Estaci\u00f3n 27. Local 5. Getafe 28904 Madrid Espa\u00f1a<\/p>\n\n\n\n<hr class=\"wp-block-separator has-alpha-channel-opacity\"\/>\n\n\n\n<h2 class=\"wp-block-heading\"><strong>\u00bfA QUI\u00c9N SE CEDER\u00c1N SUS DATOS?<\/strong><\/h2>\n\n\n\n<p>No se ceder\u00e1n datos a terceros salvo obligaci\u00f3n legal, o en el supuesto que fuera necesario para el cumplimiento directamente relacionado con las funciones derivadas del servicio.<\/p>\n\n\n\n<hr class=\"wp-block-separator has-alpha-channel-opacity\"\/>\n\n\n\n<h2 class=\"wp-block-heading\"><strong>\u00bfPOR CU\u00c1NTO TIEMPO CONSERVAREMOS SUS DATOS?<\/strong><\/h2>\n\n\n\n<p>Los datos personales proporcionados se conservar\u00e1n mientras se mantenga la relaci\u00f3n con esta empresa, y no se solicite su supresi\u00f3n por el interesado.<\/p>\n\n\n\n<hr class=\"wp-block-separator has-alpha-channel-opacity\"\/>\n\n\n\n<h2 class=\"wp-block-heading\"><strong>\u00bfCU\u00c1LES SON SUS DERECHOS CUANDO NOS FACILITA SUS DATOS? \u00bfY D\u00d3NDE DIRIGIRME PARA EJERCITAR MIS DERECHOS?<\/strong><\/h2>\n\n\n\n<p>Cualquier persona tiene derecho a obtener confirmaci\u00f3n sobre si en Drago Ingenier\u00eda y Servicios S.L estamos tratando datos personales que les conciernen, o no. Las personas interesadas tienen derecho a acceder a sus datos personales, as\u00ed como a solicitar la rectificaci\u00f3n de los datos inexactos o, en su caso, solicitar su supresi\u00f3n cuando, entre otros motivos, los datos ya no sean necesarios para los fines que fueron recogidos. En determinadas circunstancias, los interesados podr\u00e1n solicitar la limitaci\u00f3n del tratamiento de sus datos, en cuyo caso \u00fanicamente los conservaremos para el ejercicio o la defensa de reclamaciones.<\/p>\n\n\n\n<p>En determinadas circunstancias y por motivos relacionados con su situaci\u00f3n particular, los interesados podr\u00e1n oponerse al tratamiento de sus datos y Drago Ingenier\u00eda y Servicios S.L dejar\u00e1 de tratar los datos, salvo por motivos leg\u00edtimos imperiosos, o el ejercicio o la defensa de posibles reclamaciones. Para ejercer sus derechos deben enviar una comunicaci\u00f3n junto con su documento de identidad a:<\/p>\n\n\n\n<p><strong>Direcci\u00f3n Postal de la empresa:<\/strong> Calle Cercedilla. 7. Bajo. 28925. Alcorc\u00f3n. Madrid.<br><strong>E-mail:<\/strong> info@dra-go.com<\/p>\n\n\n\n<p>El usuario podr\u00e1 revocar en cualquier momento el consentimiento prestado en la siguiente direcci\u00f3n de correo: info@dra-go.com<\/p>\n\n\n\n<p>Asimismo se le informa de que los interesados tienen derecho a reclamar ante la Autoridad de Control, La Agencia Espa\u00f1ola de Protecci\u00f3n de Datos.<\/p>\n","protected":false},"excerpt":{"rendered":"<p>POL\u00cdTICA DE PRIVACIDAD De conformidad con el Ley Org\u00e1nica de Protecci\u00f3n de Datos Personales y Garant\u00eda de los Derechos Digitales (LOPDGDD 3\/2018) y con el Reglamento General de Protecci\u00f3n de Datos (RGPD UE 2016\/679) ponemos a su disposici\u00f3n la siguiente informaci\u00f3n: INFORMACI\u00d3N B\u00c1SICA DE PROTECCI\u00d3N DE DATOS ResponsableDrago Ingenier\u00eda y Servicios S.L FinalidadAtender las solicitudes &#8230; <a title=\"Privacy policy &#8211; Legal notice\" class=\"read-more\" href=\"https:\/\/www.dra-go.com\/en\/privacy-policy-legal-notice\/\" aria-label=\"Leer m\u00e1s sobre Privacy policy &#8211; Legal notice\">Read more<\/a><\/p>\n","protected":false},"author":1,"featured_media":0,"parent":0,"menu_order":0,"comment_status":"closed","ping_status":"closed","template":"","meta":{"inline_featured_image":false,"generate_page_header":"","footnotes":""},"class_list":{"0":"post-14286","1":"page","2":"type-page","3":"status-publish","5":"no-featured-image-padding"},"yoast_head":"<!-- This site is optimized with the Yoast SEO plugin v27.4 - https:\/\/yoast.com\/product\/yoast-seo-wordpress\/ -->\n<title>Privacy policy - Legal notice - DRAGOEN<\/title>\n<meta name=\"robots\" content=\"noindex, follow\" \/>\n<meta property=\"og:locale\" content=\"es_ES\" \/>\n<meta property=\"og:type\" content=\"article\" \/>\n<meta property=\"og:title\" content=\"Privacy policy - Legal notice - DRAGOEN\" \/>\n<meta property=\"og:description\" content=\"POL\u00cdTICA DE PRIVACIDAD De conformidad con el Ley Org\u00e1nica de Protecci\u00f3n de Datos Personales y Garant\u00eda de los Derechos Digitales (LOPDGDD 3\/2018) y con el Reglamento General de Protecci\u00f3n de Datos (RGPD UE 2016\/679) ponemos a su disposici\u00f3n la siguiente informaci\u00f3n: INFORMACI\u00d3N B\u00c1SICA DE PROTECCI\u00d3N DE DATOS ResponsableDrago Ingenier\u00eda y Servicios S.L FinalidadAtender las solicitudes ... Read more\" \/>\n<meta property=\"og:url\" content=\"https:\/\/www.dra-go.com\/en\/privacy-policy-legal-notice\/\" \/>\n<meta property=\"og:site_name\" content=\"DRAGOEN\" \/>\n<meta property=\"article:modified_time\" content=\"2025-07-14T10:33:21+00:00\" \/>\n<meta name=\"twitter:card\" content=\"summary_large_image\" \/>\n<meta name=\"twitter:label1\" content=\"Tiempo de lectura\" \/>\n\t<meta name=\"twitter:data1\" content=\"3 minutos\" \/>\n<script type=\"application\/ld+json\" class=\"yoast-schema-graph\">{\"@context\":\"https:\\\/\\\/schema.org\",\"@graph\":[{\"@type\":\"WebPage\",\"@id\":\"https:\\\/\\\/www.dra-go.com\\\/en\\\/privacy-policy-legal-notice\\\/\",\"url\":\"https:\\\/\\\/www.dra-go.com\\\/en\\\/privacy-policy-legal-notice\\\/\",\"name\":\"Privacy policy - Legal notice - DRAGOEN\",\"isPartOf\":{\"@id\":\"https:\\\/\\\/www.dra-go.com\\\/en\\\/#website\"},\"datePublished\":\"2018-03-25T14:07:01+00:00\",\"dateModified\":\"2025-07-14T10:33:21+00:00\",\"breadcrumb\":{\"@id\":\"https:\\\/\\\/www.dra-go.com\\\/en\\\/privacy-policy-legal-notice\\\/#breadcrumb\"},\"inLanguage\":\"es\",\"potentialAction\":[{\"@type\":\"ReadAction\",\"target\":[\"https:\\\/\\\/www.dra-go.com\\\/en\\\/privacy-policy-legal-notice\\\/\"]}]},{\"@type\":\"BreadcrumbList\",\"@id\":\"https:\\\/\\\/www.dra-go.com\\\/en\\\/privacy-policy-legal-notice\\\/#breadcrumb\",\"itemListElement\":[{\"@type\":\"ListItem\",\"position\":1,\"name\":\"Portada\",\"item\":\"https:\\\/\\\/www.dra-go.com\\\/en\\\/\"},{\"@type\":\"ListItem\",\"position\":2,\"name\":\"Privacy policy &#8211; Legal notice\"}]},{\"@type\":\"WebSite\",\"@id\":\"https:\\\/\\\/www.dra-go.com\\\/en\\\/#website\",\"url\":\"https:\\\/\\\/www.dra-go.com\\\/en\\\/\",\"name\":\"DRAGOEN\",\"description\":\"Engineering and Services\",\"publisher\":{\"@id\":\"https:\\\/\\\/www.dra-go.com\\\/en\\\/#organization\"},\"potentialAction\":[{\"@type\":\"SearchAction\",\"target\":{\"@type\":\"EntryPoint\",\"urlTemplate\":\"https:\\\/\\\/www.dra-go.com\\\/en\\\/?s={search_term_string}\"},\"query-input\":{\"@type\":\"PropertyValueSpecification\",\"valueRequired\":true,\"valueName\":\"search_term_string\"}}],\"inLanguage\":\"es\"},{\"@type\":\"Organization\",\"@id\":\"https:\\\/\\\/www.dra-go.com\\\/en\\\/#organization\",\"name\":\"DRAGOEN\",\"url\":\"https:\\\/\\\/www.dra-go.com\\\/en\\\/\",\"logo\":{\"@type\":\"ImageObject\",\"inLanguage\":\"es\",\"@id\":\"https:\\\/\\\/www.dra-go.com\\\/en\\\/#\\\/schema\\\/logo\\\/image\\\/\",\"url\":\"https:\\\/\\\/www.dra-go.com\\\/en\\\/wp-content\\\/uploads\\\/sites\\\/3\\\/2023\\\/07\\\/Logo-DRAGO-RGB-AF_PositivoDRAGO.png\",\"contentUrl\":\"https:\\\/\\\/www.dra-go.com\\\/en\\\/wp-content\\\/uploads\\\/sites\\\/3\\\/2023\\\/07\\\/Logo-DRAGO-RGB-AF_PositivoDRAGO.png\",\"width\":1024,\"height\":194,\"caption\":\"DRAGOEN\"},\"image\":{\"@id\":\"https:\\\/\\\/www.dra-go.com\\\/en\\\/#\\\/schema\\\/logo\\\/image\\\/\"}}]}<\/script>\n<!-- \/ Yoast SEO plugin. -->","yoast_head_json":{"title":"Privacy policy - Legal notice - DRAGOEN","robots":{"index":"noindex","follow":"follow"},"og_locale":"es_ES","og_type":"article","og_title":"Privacy policy - Legal notice - DRAGOEN","og_description":"POL\u00cdTICA DE PRIVACIDAD De conformidad con el Ley Org\u00e1nica de Protecci\u00f3n de Datos Personales y Garant\u00eda de los Derechos Digitales (LOPDGDD 3\/2018) y con el Reglamento General de Protecci\u00f3n de Datos (RGPD UE 2016\/679) ponemos a su disposici\u00f3n la siguiente informaci\u00f3n: INFORMACI\u00d3N B\u00c1SICA DE PROTECCI\u00d3N DE DATOS ResponsableDrago Ingenier\u00eda y Servicios S.L FinalidadAtender las solicitudes ... Read more","og_url":"https:\/\/www.dra-go.com\/en\/privacy-policy-legal-notice\/","og_site_name":"DRAGOEN","article_modified_time":"2025-07-14T10:33:21+00:00","twitter_card":"summary_large_image","twitter_misc":{"Tiempo de lectura":"3 minutos"},"schema":{"@context":"https:\/\/schema.org","@graph":[{"@type":"WebPage","@id":"https:\/\/www.dra-go.com\/en\/privacy-policy-legal-notice\/","url":"https:\/\/www.dra-go.com\/en\/privacy-policy-legal-notice\/","name":"Privacy policy - Legal notice - DRAGOEN","isPartOf":{"@id":"https:\/\/www.dra-go.com\/en\/#website"},"datePublished":"2018-03-25T14:07:01+00:00","dateModified":"2025-07-14T10:33:21+00:00","breadcrumb":{"@id":"https:\/\/www.dra-go.com\/en\/privacy-policy-legal-notice\/#breadcrumb"},"inLanguage":"es","potentialAction":[{"@type":"ReadAction","target":["https:\/\/www.dra-go.com\/en\/privacy-policy-legal-notice\/"]}]},{"@type":"BreadcrumbList","@id":"https:\/\/www.dra-go.com\/en\/privacy-policy-legal-notice\/#breadcrumb","itemListElement":[{"@type":"ListItem","position":1,"name":"Portada","item":"https:\/\/www.dra-go.com\/en\/"},{"@type":"ListItem","position":2,"name":"Privacy policy &#8211; Legal notice"}]},{"@type":"WebSite","@id":"https:\/\/www.dra-go.com\/en\/#website","url":"https:\/\/www.dra-go.com\/en\/","name":"DRAGOEN","description":"Engineering and Services","publisher":{"@id":"https:\/\/www.dra-go.com\/en\/#organization"},"potentialAction":[{"@type":"SearchAction","target":{"@type":"EntryPoint","urlTemplate":"https:\/\/www.dra-go.com\/en\/?s={search_term_string}"},"query-input":{"@type":"PropertyValueSpecification","valueRequired":true,"valueName":"search_term_string"}}],"inLanguage":"es"},{"@type":"Organization","@id":"https:\/\/www.dra-go.com\/en\/#organization","name":"DRAGOEN","url":"https:\/\/www.dra-go.com\/en\/","logo":{"@type":"ImageObject","inLanguage":"es","@id":"https:\/\/www.dra-go.com\/en\/#\/schema\/logo\/image\/","url":"https:\/\/www.dra-go.com\/en\/wp-content\/uploads\/sites\/3\/2023\/07\/Logo-DRAGO-RGB-AF_PositivoDRAGO.png","contentUrl":"https:\/\/www.dra-go.com\/en\/wp-content\/uploads\/sites\/3\/2023\/07\/Logo-DRAGO-RGB-AF_PositivoDRAGO.png","width":1024,"height":194,"caption":"DRAGOEN"},"image":{"@id":"https:\/\/www.dra-go.com\/en\/#\/schema\/logo\/image\/"}}]}},"_links":{"self":[{"href":"https:\/\/www.dra-go.com\/en\/wp-json\/wp\/v2\/pages\/14286","targetHints":{"allow":["GET"]}}],"collection":[{"href":"https:\/\/www.dra-go.com\/en\/wp-json\/wp\/v2\/pages"}],"about":[{"href":"https:\/\/www.dra-go.com\/en\/wp-json\/wp\/v2\/types\/page"}],"author":[{"embeddable":true,"href":"https:\/\/www.dra-go.com\/en\/wp-json\/wp\/v2\/users\/1"}],"replies":[{"embeddable":true,"href":"https:\/\/www.dra-go.com\/en\/wp-json\/wp\/v2\/comments?post=14286"}],"version-history":[{"count":14,"href":"https:\/\/www.dra-go.com\/en\/wp-json\/wp\/v2\/pages\/14286\/revisions"}],"predecessor-version":[{"id":16123,"href":"https:\/\/www.dra-go.com\/en\/wp-json\/wp\/v2\/pages\/14286\/revisions\/16123"}],"wp:attachment":[{"href":"https:\/\/www.dra-go.com\/en\/wp-json\/wp\/v2\/media?parent=14286"}],"curies":[{"name":"wp","href":"https:\/\/api.w.org\/{rel}","templated":true}]}}